{"id":18,"date":"2024-11-28T22:29:29","date_gmt":"2024-11-28T22:29:29","guid":{"rendered":"https:\/\/russoconsultoria.com.br\/wordpress\/?page_id=18"},"modified":"2024-12-06T18:30:31","modified_gmt":"2024-12-06T18:30:31","slug":"sobre-nos","status":"publish","type":"page","link":"https:\/\/russoconsultoria.com.br\/site\/sobre-nos\/","title":{"rendered":"Sobre n\u00f3s"},"content":{"rendered":"\t\t<div data-elementor-type=\"wp-page\" data-elementor-id=\"18\" class=\"elementor elementor-18\" data-elementor-post-type=\"page\">\n\t\t\t\t<div class=\"elementor-element elementor-element-65f15ef elementor-hidden-tablet elementor-hidden-mobile e-flex e-con-boxed lakit-col-width-auto-no e-container e-root-container elementor-top-section e-con e-parent\" data-id=\"65f15ef\" data-element_type=\"container\" data-e-type=\"container\" data-settings=\"{&quot;background_background&quot;:&quot;classic&quot;}\">\n\t\t\t\t\t<div class=\"e-con-inner\">\n\t\t<div class=\"elementor-element elementor-element-c5f63ed e-con-full e-flex lakit-col-width-auto-no e-container e-con e-child\" data-id=\"c5f63ed\" data-element_type=\"container\" data-e-type=\"container\">\n\t\t\t\t<div class=\"elementor-element elementor-element-065fff4 elementor-absolute elementor-widget elementor-widget-image\" data-id=\"065fff4\" data-element_type=\"widget\" data-e-type=\"widget\" data-settings=\"{&quot;_position&quot;:&quot;absolute&quot;}\" data-widget_type=\"image.default\">\n\t\t\t\t<div class=\"elementor-widget-container\">\n\t\t\t\t\t\t\t\t\t\t\t\t\t\t\t<img fetchpriority=\"high\" decoding=\"async\" width=\"768\" height=\"710\" src=\"https:\/\/russoconsultoria.com.br\/site\/wp-content\/uploads\/2024\/12\/transport-logistics-products-1-768x710.png\" class=\"attachment-medium_large size-medium_large wp-image-196\" alt=\"\" srcset=\"https:\/\/russoconsultoria.com.br\/site\/wp-content\/uploads\/2024\/12\/transport-logistics-products-1-768x710.png 768w, https:\/\/russoconsultoria.com.br\/site\/wp-content\/uploads\/2024\/12\/transport-logistics-products-1-300x277.png 300w, https:\/\/russoconsultoria.com.br\/site\/wp-content\/uploads\/2024\/12\/transport-logistics-products-1-487x450.png 487w, https:\/\/russoconsultoria.com.br\/site\/wp-content\/uploads\/2024\/12\/transport-logistics-products-1.png 900w\" sizes=\"(max-width: 768px) 100vw, 768px\" \/>\t\t\t\t\t\t\t\t\t\t\t\t\t\t\t<\/div>\n\t\t\t\t<\/div>\n\t\t\t\t<\/div>\n\t\t<div class=\"elementor-element elementor-element-0f1d239 e-con-full e-flex lakit-col-width-auto-no e-container e-con e-child\" data-id=\"0f1d239\" data-element_type=\"container\" data-e-type=\"container\">\n\t\t\t\t<div class=\"elementor-element elementor-element-a128ed5 elementor-widget elementor-widget-heading\" data-id=\"a128ed5\" data-element_type=\"widget\" data-e-type=\"widget\" data-widget_type=\"heading.default\">\n\t\t\t\t<div class=\"elementor-widget-container\">\n\t\t\t\t\t<h2 class=\"elementor-heading-title elementor-size-default\">Sobre n\u00f3s<\/h2>\t\t\t\t<\/div>\n\t\t\t\t<\/div>\n\t\t\t\t<div class=\"elementor-element elementor-element-9a79cc6 elementor-absolute elementor-hidden-tablet elementor-hidden-mobile elementor-widget elementor-widget-heading\" data-id=\"9a79cc6\" data-element_type=\"widget\" data-e-type=\"widget\" data-settings=\"{&quot;_position&quot;:&quot;absolute&quot;}\" data-widget_type=\"heading.default\">\n\t\t\t\t<div class=\"elementor-widget-container\">\n\t\t\t\t\t<h2 class=\"elementor-heading-title elementor-size-default\">Especialistas em <br>Gest\u00e3o e Seguran\u00e7a<br> Aduaneira<\/h2>\t\t\t\t<\/div>\n\t\t\t\t<\/div>\n\t\t\t\t<\/div>\n\t\t\t\t\t<\/div>\n\t\t\t\t<\/div>\n\t\t<div class=\"elementor-element elementor-element-fdc63ea elementor-hidden-desktop e-flex e-con-boxed lakit-col-width-auto-no e-container e-root-container elementor-top-section e-con e-parent\" data-id=\"fdc63ea\" data-element_type=\"container\" data-e-type=\"container\" data-settings=\"{&quot;background_background&quot;:&quot;classic&quot;}\">\n\t\t\t\t\t<div class=\"e-con-inner\">\n\t\t<div class=\"elementor-element elementor-element-1df8f9a e-con-full e-flex lakit-col-width-auto-no e-container e-con e-child\" data-id=\"1df8f9a\" data-element_type=\"container\" data-e-type=\"container\">\n\t\t\t\t<div class=\"elementor-element elementor-element-4222486 elementor-widget elementor-widget-image\" data-id=\"4222486\" data-element_type=\"widget\" data-e-type=\"widget\" data-widget_type=\"image.default\">\n\t\t\t\t<div class=\"elementor-widget-container\">\n\t\t\t\t\t\t\t\t\t\t\t\t\t\t\t<img decoding=\"async\" width=\"800\" height=\"740\" src=\"https:\/\/russoconsultoria.com.br\/site\/wp-content\/uploads\/2024\/12\/transport-logistics-products-1.png\" class=\"attachment-large size-large wp-image-196\" alt=\"\" srcset=\"https:\/\/russoconsultoria.com.br\/site\/wp-content\/uploads\/2024\/12\/transport-logistics-products-1.png 900w, https:\/\/russoconsultoria.com.br\/site\/wp-content\/uploads\/2024\/12\/transport-logistics-products-1-300x277.png 300w, https:\/\/russoconsultoria.com.br\/site\/wp-content\/uploads\/2024\/12\/transport-logistics-products-1-768x710.png 768w, https:\/\/russoconsultoria.com.br\/site\/wp-content\/uploads\/2024\/12\/transport-logistics-products-1-487x450.png 487w\" sizes=\"(max-width: 800px) 100vw, 800px\" \/>\t\t\t\t\t\t\t\t\t\t\t\t\t\t\t<\/div>\n\t\t\t\t<\/div>\n\t\t\t\t<\/div>\n\t\t<div class=\"elementor-element elementor-element-1be44c8 e-con-full e-flex lakit-col-width-auto-no e-container e-con e-child\" data-id=\"1be44c8\" data-element_type=\"container\" data-e-type=\"container\">\n\t\t\t\t<div class=\"elementor-element elementor-element-4ffe5c2 elementor-widget elementor-widget-heading\" data-id=\"4ffe5c2\" data-element_type=\"widget\" data-e-type=\"widget\" data-widget_type=\"heading.default\">\n\t\t\t\t<div class=\"elementor-widget-container\">\n\t\t\t\t\t<h2 class=\"elementor-heading-title elementor-size-default\">Sobre n\u00f3s<\/h2>\t\t\t\t<\/div>\n\t\t\t\t<\/div>\n\t\t\t\t<div class=\"elementor-element elementor-element-6793406 elementor-hidden-tablet elementor-hidden-mobile elementor-widget elementor-widget-heading\" data-id=\"6793406\" data-element_type=\"widget\" data-e-type=\"widget\" data-widget_type=\"heading.default\">\n\t\t\t\t<div class=\"elementor-widget-container\">\n\t\t\t\t\t<h2 class=\"elementor-heading-title elementor-size-default\">Especialistas em <br>Gest\u00e3o e Seguran\u00e7a<br> Aduaneira<\/h2>\t\t\t\t<\/div>\n\t\t\t\t<\/div>\n\t\t\t\t<\/div>\n\t\t\t\t\t<\/div>\n\t\t\t\t<\/div>\n\t\t<div class=\"elementor-element elementor-element-596753b e-flex e-con-boxed lakit-col-width-auto-no e-container e-root-container elementor-top-section e-con e-parent\" data-id=\"596753b\" data-element_type=\"container\" data-e-type=\"container\">\n\t\t\t\t\t<div class=\"e-con-inner\">\n\t\t\t\t<div class=\"elementor-element elementor-element-27b2bd3 elementor-hidden-desktop elementor-widget elementor-widget-heading\" data-id=\"27b2bd3\" data-element_type=\"widget\" data-e-type=\"widget\" data-widget_type=\"heading.default\">\n\t\t\t\t<div class=\"elementor-widget-container\">\n\t\t\t\t\t<h2 class=\"elementor-heading-title elementor-size-default\">Especialistas em <br>Gest\u00e3o e Seguran\u00e7a<br> Aduaneira<\/h2>\t\t\t\t<\/div>\n\t\t\t\t<\/div>\n\t\t\t\t<div class=\"elementor-element elementor-element-37815c9 elementor-widget elementor-widget-text-editor\" data-id=\"37815c9\" data-element_type=\"widget\" data-e-type=\"widget\" data-widget_type=\"text-editor.default\">\n\t\t\t\t<div class=\"elementor-widget-container\">\n\t\t\t\t\t\t\t\t\t<p>A Russo Consultores Associados \u00e9 dirigida pelo seu fundador Antonio Russo Filho, auditor fiscal da receita federal do brasil, aposentado, depois de 33 anos de trabalho na \u00e1rea de com\u00e9rcio exterior, na Alf\u00e2ndega do Porto de Santos.<\/p><p>A empresa conta com colaboradores, em sua maioria auditores da RFB e servidores egressos de outros \u00f3rg\u00e3os de governo, com mais de 30 anos de experi\u00eancia, bem como ex-diretores de Recintos Alfandegados e de Associa\u00e7\u00f5es de Classe Empresarial, Engenheiros e Arquitetos especialistas em terminais e recintos deposit\u00e1rios, mestres e doutores nas \u00e1reas de Tecnologia da Informa\u00e7\u00e3o.<\/p><p>Al\u00e9m dessas expertises anteriores, nossos consultores, permanentemente, se atualizam para cada vez melhor atender \u00e0s necessidades dos intervenientes na cadeia log\u00edstica de Com\u00e9rcio Exterior, buscando alavancar os neg\u00f3cios para nossas empresas clientes, mediante a garantia de Compliance\u00a0aduaneiro em sintonia com os Programas\u00a0da Receita Federal, principalmente no Programa Operador Econ\u00f4mico Autorizado \u2013 OEA, hoje fortemente calcado na implementa\u00e7\u00e3o de Gest\u00e3o de Riscos baseada na ISO-31000.<\/p>\t\t\t\t\t\t\t\t<\/div>\n\t\t\t\t<\/div>\n\t\t\t\t<div class=\"elementor-element elementor-element-0418a42 elementor-widget elementor-widget-image\" data-id=\"0418a42\" data-element_type=\"widget\" data-e-type=\"widget\" data-widget_type=\"image.default\">\n\t\t\t\t<div class=\"elementor-widget-container\">\n\t\t\t\t\t\t\t\t\t\t\t\t<figure class=\"wp-caption\">\n\t\t\t\t\t\t\t\t\t\t<img decoding=\"async\" width=\"300\" height=\"291\" src=\"https:\/\/russoconsultoria.com.br\/site\/wp-content\/uploads\/2024\/12\/image-3-300x291.png\" class=\"attachment-medium size-medium wp-image-207\" alt=\"\" srcset=\"https:\/\/russoconsultoria.com.br\/site\/wp-content\/uploads\/2024\/12\/image-3-300x291.png 300w, https:\/\/russoconsultoria.com.br\/site\/wp-content\/uploads\/2024\/12\/image-3.png 448w\" sizes=\"(max-width: 300px) 100vw, 300px\" \/>\t\t\t\t\t\t\t\t\t\t\t<figcaption class=\"widget-image-caption wp-caption-text\"><b>Antonio Russo<\/b><br> CONSULTOR ADUANEIRO<br>\u2028Diretor e fundador da Russo Consultores e Associados<\/figcaption>\n\t\t\t\t\t\t\t\t\t\t<\/figure>\n\t\t\t\t\t\t\t\t\t<\/div>\n\t\t\t\t<\/div>\n\t\t\t\t<div class=\"elementor-element elementor-element-5e40a8d elementor-widget elementor-widget-text-editor\" data-id=\"5e40a8d\" data-element_type=\"widget\" data-e-type=\"widget\" data-widget_type=\"text-editor.default\">\n\t\t\t\t<div class=\"elementor-widget-container\">\n\t\t\t\t\t\t\t\t\t<p><strong>Nossa miss\u00e3o:<\/strong><br \/>Consultoria de excel\u00eancia para propiciar \u00e0s nossas empresas clientes sua adequa\u00e7\u00e3o aos regramentos aduaneiros, principalmente em rela\u00e7\u00e3o \u00e0 seguran\u00e7a e conformidade nas opera\u00e7\u00f5es de com\u00e9rcio exterior.<\/p><p><strong>Valores inegoci\u00e1veis:<\/strong><br \/>Transpar\u00eancia e regularidade nas transa\u00e7\u00f5es comerciais sob controles dos diferentes \u00f3rg\u00e3os governamentais, trabalhando de forma coerente aos princ\u00edpios \u00e9ticos e legais, garantido a continuidade de nossas atividades e a preserva\u00e7\u00e3o da moral dos nossos colaboradores, da empresa e de seus clientes.<\/p>\t\t\t\t\t\t\t\t<\/div>\n\t\t\t\t<\/div>\n\t\t\t\t\t<\/div>\n\t\t\t\t<\/div>\n\t\t<div class=\"elementor-element elementor-element-796d237 e-flex e-con-boxed lakit-col-width-auto-no e-container e-root-container elementor-top-section e-con e-parent\" data-id=\"796d237\" data-element_type=\"container\" data-e-type=\"container\" data-settings=\"{&quot;background_background&quot;:&quot;classic&quot;}\">\n\t\t\t\t\t<div class=\"e-con-inner\">\n\t\t\t\t\t<\/div>\n\t\t\t\t<\/div>\n\t\t\t\t<\/div>\n\t\t","protected":false},"excerpt":{"rendered":"<p>Sobre n\u00f3s Especialistas em Gest\u00e3o e Seguran\u00e7a Aduaneira Sobre n\u00f3s Especialistas em Gest\u00e3o e Seguran\u00e7a Aduaneira Especialistas em Gest\u00e3o e Seguran\u00e7a Aduaneira A Russo Consultores Associados \u00e9 dirigida pelo seu fundador Antonio Russo Filho, auditor fiscal da receita federal do brasil, aposentado, depois de 33 anos de trabalho na \u00e1rea de com\u00e9rcio exterior, na Alf\u00e2ndega [&hellip;]<\/p>\n","protected":false},"author":1,"featured_media":0,"parent":0,"menu_order":0,"comment_status":"closed","ping_status":"closed","template":"elementor_canvas","meta":{"nf_dc_page":"","footnotes":""},"class_list":["post-18","page","type-page","status-publish","hentry"],"_links":{"self":[{"href":"https:\/\/russoconsultoria.com.br\/site\/wp-json\/wp\/v2\/pages\/18","targetHints":{"allow":["GET"]}}],"collection":[{"href":"https:\/\/russoconsultoria.com.br\/site\/wp-json\/wp\/v2\/pages"}],"about":[{"href":"https:\/\/russoconsultoria.com.br\/site\/wp-json\/wp\/v2\/types\/page"}],"author":[{"embeddable":true,"href":"https:\/\/russoconsultoria.com.br\/site\/wp-json\/wp\/v2\/users\/1"}],"replies":[{"embeddable":true,"href":"https:\/\/russoconsultoria.com.br\/site\/wp-json\/wp\/v2\/comments?post=18"}],"version-history":[{"count":5,"href":"https:\/\/russoconsultoria.com.br\/site\/wp-json\/wp\/v2\/pages\/18\/revisions"}],"predecessor-version":[{"id":409,"href":"https:\/\/russoconsultoria.com.br\/site\/wp-json\/wp\/v2\/pages\/18\/revisions\/409"}],"wp:attachment":[{"href":"https:\/\/russoconsultoria.com.br\/site\/wp-json\/wp\/v2\/media?parent=18"}],"curies":[{"name":"wp","href":"https:\/\/api.w.org\/{rel}","templated":true}]}}