{"id":9,"date":"2024-11-28T22:19:50","date_gmt":"2024-11-28T22:19:50","guid":{"rendered":"https:\/\/russoconsultoria.com.br\/wordpress\/?page_id=9"},"modified":"2025-01-06T18:22:56","modified_gmt":"2025-01-06T18:22:56","slug":"home","status":"publish","type":"page","link":"https:\/\/russoconsultoria.com.br\/site\/","title":{"rendered":"Home"},"content":{"rendered":"\t\t<div data-elementor-type=\"wp-page\" data-elementor-id=\"9\" class=\"elementor elementor-9\" data-elementor-post-type=\"page\">\n\t\t\t\t<div class=\"elementor-element elementor-element-30571e9 e-con-full hero-banner e-flex lakit-col-width-auto-no e-container e-root-container elementor-top-section e-con e-parent\" data-id=\"30571e9\" data-element_type=\"container\" data-e-type=\"container\">\n\t\t\t\t<div class=\"elementor-element elementor-element-ff40b43 elementor--v-position-middle lakit-arrow--showonhover-no lakit-dots--vertical-no elementor-widget lastudio-kit elementor-lakit-slides\" data-id=\"ff40b43\" data-element_type=\"widget\" data-e-type=\"widget\" data-widget_type=\"lakit-slides.default\">\n\t\t\t\t\t        <div class=\"lakit-carousel lakit-slides\" data-slider_options=\"{&quot;content_selector&quot;:&quot;.lakit-slide-content&quot;,&quot;content_effect_in&quot;:&quot;&quot;,&quot;content_effect_out&quot;:&quot;&quot;,&quot;slidesToScroll&quot;:{&quot;desktop&quot;:&quot;1&quot;,&quot;tablet&quot;:&quot;1&quot;},&quot;rows&quot;:{&quot;desktop&quot;:&quot;1&quot;,&quot;tablet&quot;:&quot;1&quot;},&quot;autoplaySpeed&quot;:4000,&quot;autoplay&quot;:true,&quot;infinite&quot;:true,&quot;centerMode&quot;:false,&quot;pauseOnHover&quot;:false,&quot;pauseOnInteraction&quot;:false,&quot;reverseDirection&quot;:false,&quot;infiniteEffect&quot;:false,&quot;speed&quot;:500,&quot;arrows&quot;:false,&quot;dots&quot;:false,&quot;variableWidth&quot;:false,&quot;prevArrow&quot;:&quot;.lakit-carousel__prev-arrow-ff40b43&quot;,&quot;nextArrow&quot;:&quot;.lakit-carousel__next-arrow-ff40b43&quot;,&quot;dotsElm&quot;:&quot;.lakit-carousel__dots_ff40b43&quot;,&quot;rtl&quot;:false,&quot;effect&quot;:&quot;slide&quot;,&quot;coverflowEffect&quot;:{&quot;rotate&quot;:null,&quot;stretch&quot;:null,&quot;depth&quot;:null,&quot;modifier&quot;:null,&quot;scale&quot;:null},&quot;creativeEffect&quot;:{&quot;translateX&quot;:100},&quot;dotType&quot;:&quot;bullets&quot;,&quot;direction&quot;:&quot;horizontal&quot;,&quot;uniqueID&quot;:&quot;lakit_carousel_ff40b43&quot;,&quot;asFor&quot;:&quot;&quot;,&quot;thumbs&quot;:&quot;&quot;,&quot;autoHeight&quot;:false,&quot;scrollbar&quot;:{&quot;enabled&quot;:false,&quot;el&quot;:&quot;.lakit-carousel__scrollbar_ff40b43&quot;},&quot;directionbkp&quot;:{&quot;desktop&quot;:&quot;horizontal&quot;,&quot;tablet&quot;:&quot;horizontal&quot;},&quot;slidesToShow&quot;:{&quot;desktop&quot;:&quot;1&quot;,&quot;tablet&quot;:&quot;1&quot;}}\" dir=\"ltr\">\n            <div class=\"lakit-carousel-inner\">\n                <div class=\"swiper-container\" id=\"lakit_carousel_ff40b43\">\n                    <div class=\"swiper-wrapper\">\n                        <div class=\"elementor-repeater-item-62a0ae7  swiper-slide\"><div class=\"lakit-slide-wrapbg\" data-swiper-parallax=\"30%\" data-swiper-parallax-opacity=\"0\"><div class=\"lakit-slide-bg parallax-bg\" data-swiper-parallax=\"-10%\"><\/div><\/div><a href=\"https:\/\/russoconsultoria.com.br\/site\/servicos\/\" class=\"lakit-slide-inner\"><div class=\"lakit-slide-content\"><div class=\"lakit-slide-heading\"  data-swiper-parallax=\"-250\" data-swiper-parallax-opacity=\"0\">Seguran\u00e7a Aduaneira,<br> Resultados Garantidos<\/div><div class=\"lakit-slide-description\"  data-swiper-parallax=\"-200\" data-swiper-parallax-opacity=\"0\">Expertise e compromisso para levar<br>\nseu neg\u00f3cio al\u00e9m das fronteiras.<\/div><div data-swiper-parallax=\"-100\" data-swiper-parallax-opacity=\"0\"  class=\"elementor-button lakit-slide-button\"><span class=\"elementor-button-text\">Saiba Mais<\/span><\/div><\/div><\/a><\/div><div class=\"elementor-repeater-item-9985744  swiper-slide\"><div class=\"lakit-slide-wrapbg\" data-swiper-parallax=\"30%\" data-swiper-parallax-opacity=\"0\"><div class=\"lakit-slide-bg parallax-bg\" data-swiper-parallax=\"-10%\"><\/div><\/div><a href=\"https:\/\/russoconsultoria.com.br\/site\/servicos\/\" class=\"lakit-slide-inner\"><div class=\"lakit-slide-content\"><div class=\"lakit-slide-heading\"  data-swiper-parallax=\"-250\" data-swiper-parallax-opacity=\"0\">Sua Estrat\u00e9gia no <br> Com\u00e9rcio Exterior<\/div><div class=\"lakit-slide-description\"  data-swiper-parallax=\"-200\" data-swiper-parallax-opacity=\"0\">Consultoria em Compliance e Gest\u00e3o de Riscos Aduaneiros<\/div><div data-swiper-parallax=\"-100\" data-swiper-parallax-opacity=\"0\"  class=\"elementor-button lakit-slide-button\"><span class=\"elementor-button-text\">Saiba Mais<\/span><\/div><\/div><\/a><\/div>                    <\/div>\n                <\/div>\n            <\/div>\n                    <\/div>\n        \t\t\t\t<\/div>\n\t\t\t\t<\/div>\n\t\t<div class=\"elementor-element elementor-element-aecb1cc e-flex e-con-boxed lakit-col-width-auto-no e-container e-root-container elementor-top-section e-con e-parent\" data-id=\"aecb1cc\" data-element_type=\"container\" data-e-type=\"container\">\n\t\t\t\t\t<div class=\"e-con-inner\">\n\t\t\t\t<div class=\"elementor-element elementor-element-c14544a elementor-invisible elementor-widget elementor-widget-heading\" data-id=\"c14544a\" data-element_type=\"widget\" data-e-type=\"widget\" data-settings=\"{&quot;_animation&quot;:&quot;fadeInUp&quot;}\" data-widget_type=\"heading.default\">\n\t\t\t\t<div class=\"elementor-widget-container\">\n\t\t\t\t\t<h2 class=\"elementor-heading-title elementor-size-default\">Habilita\u00e7\u00e3o REDEX: Otimize seu<br>\nArmaz\u00e9m para Exporta\u00e7\u00e3o<\/h2>\t\t\t\t<\/div>\n\t\t\t\t<\/div>\n\t\t\t\t<div class=\"elementor-element elementor-element-370a961 elementor-invisible elementor-widget elementor-widget-text-editor\" data-id=\"370a961\" data-element_type=\"widget\" data-e-type=\"widget\" data-settings=\"{&quot;_animation&quot;:&quot;fadeInUp&quot;}\" data-widget_type=\"text-editor.default\">\n\t\t\t\t<div class=\"elementor-widget-container\">\n\t\t\t\t\t\t\t\t\t<p>Maximize suas exporta\u00e7\u00f5es transformando seu armaz\u00e9m em um Recinto Especial para Despacho Aduaneiro (REDEX). <br \/>Nossa consultoria cuida de todo o processo de habilita\u00e7\u00e3o junto \u00e0 Receita Federal, garantindo conformidade e<br \/>efici\u00eancia nas suas opera\u00e7\u00f5es. Fale conosco e impulsione seus neg\u00f3cios no mercado internacional!<\/p>\t\t\t\t\t\t\t\t<\/div>\n\t\t\t\t<\/div>\n\t\t\t\t<div class=\"elementor-element elementor-element-71c8322 elementor-align-center elementor-widget elementor-widget-button\" data-id=\"71c8322\" data-element_type=\"widget\" data-e-type=\"widget\" data-widget_type=\"button.default\">\n\t\t\t\t<div class=\"elementor-widget-container\">\n\t\t\t\t\t\t\t\t\t<div class=\"elementor-button-wrapper\">\n\t\t\t\t\t<a class=\"elementor-button elementor-button-link elementor-size-sm\" href=\"https:\/\/russoconsultoria.com.br\/site\/?page_id=20\">\n\t\t\t\t\t\t<span class=\"elementor-button-content-wrapper\">\n\t\t\t\t\t\t\t\t\t<span class=\"elementor-button-text\">Saiba Mais<\/span>\n\t\t\t\t\t<\/span>\n\t\t\t\t\t<\/a>\n\t\t\t\t<\/div>\n\t\t\t\t\t\t\t\t<\/div>\n\t\t\t\t<\/div>\n\t\t\t\t\t<\/div>\n\t\t\t\t<\/div>\n\t\t<div class=\"elementor-element elementor-element-b0eba0a e-flex e-con-boxed lakit-col-width-auto-no e-container e-root-container elementor-top-section e-con e-parent\" data-id=\"b0eba0a\" data-element_type=\"container\" data-e-type=\"container\" data-settings=\"{&quot;background_background&quot;:&quot;classic&quot;}\">\n\t\t\t\t\t<div class=\"e-con-inner\">\n\t\t<div class=\"elementor-element elementor-element-1199240 e-con-full e-flex lakit-col-width-auto-no e-container e-con e-child\" data-id=\"1199240\" data-element_type=\"container\" data-e-type=\"container\">\n\t\t\t\t<div class=\"elementor-element elementor-element-79c6349 elementor-widget elementor-widget-image\" data-id=\"79c6349\" data-element_type=\"widget\" data-e-type=\"widget\" data-widget_type=\"image.default\">\n\t\t\t\t<div class=\"elementor-widget-container\">\n\t\t\t\t\t\t\t\t\t\t\t\t\t\t\t<img decoding=\"async\" src=\"https:\/\/russoconsultoria.com.br\/site\/wp-content\/uploads\/elementor\/thumbs\/imghome-qzfpzf9ir80efer9sk5bqio7csuhnl32s6udljx7xs.jpg\" title=\"Servi\u00e7os\" alt=\"Servi\u00e7os\" loading=\"lazy\" \/>\t\t\t\t\t\t\t\t\t\t\t\t\t\t\t<\/div>\n\t\t\t\t<\/div>\n\t\t\t\t<\/div>\n\t\t<div class=\"elementor-element elementor-element-22205b0 e-con-full e-flex lakit-col-width-auto-no e-container e-con e-child\" data-id=\"22205b0\" data-element_type=\"container\" data-e-type=\"container\">\n\t\t\t\t<div class=\"elementor-element elementor-element-cd020a0 elementor-widget elementor-widget-heading\" data-id=\"cd020a0\" data-element_type=\"widget\" data-e-type=\"widget\" data-widget_type=\"heading.default\">\n\t\t\t\t<div class=\"elementor-widget-container\">\n\t\t\t\t\t<h2 class=\"elementor-heading-title elementor-size-default\">Alfandegamento de Cargas Internacionais<\/h2>\t\t\t\t<\/div>\n\t\t\t\t<\/div>\n\t\t\t\t<div class=\"elementor-element elementor-element-9930b94 elementor-widget elementor-widget-text-editor\" data-id=\"9930b94\" data-element_type=\"widget\" data-e-type=\"widget\" data-widget_type=\"text-editor.default\">\n\t\t\t\t<div class=\"elementor-widget-container\">\n\t\t\t\t\t\t\t\t\t<div>\u00a0Transforme seu armaz\u00e9m em um recinto alfandegado com nossa consultoria especializada para todas as modalidades e requisitos legais.<\/div>\t\t\t\t\t\t\t\t<\/div>\n\t\t\t\t<\/div>\n\t\t\t\t<div class=\"elementor-element elementor-element-7126ef0 elementor-align-left elementor-tablet-align-center elementor-widget elementor-widget-button\" data-id=\"7126ef0\" data-element_type=\"widget\" data-e-type=\"widget\" data-widget_type=\"button.default\">\n\t\t\t\t<div class=\"elementor-widget-container\">\n\t\t\t\t\t\t\t\t\t<div class=\"elementor-button-wrapper\">\n\t\t\t\t\t<a class=\"elementor-button elementor-button-link elementor-size-sm\" href=\"https:\/\/russoconsultoria.com.br\/site\/?page_id=20\">\n\t\t\t\t\t\t<span class=\"elementor-button-content-wrapper\">\n\t\t\t\t\t\t\t\t\t<span class=\"elementor-button-text\">Saiba Mais<\/span>\n\t\t\t\t\t<\/span>\n\t\t\t\t\t<\/a>\n\t\t\t\t<\/div>\n\t\t\t\t\t\t\t\t<\/div>\n\t\t\t\t<\/div>\n\t\t\t\t<\/div>\n\t\t\t\t\t<\/div>\n\t\t\t\t<\/div>\n\t\t<div class=\"elementor-element elementor-element-4750ce3 e-flex e-con-boxed lakit-col-width-auto-no e-container e-root-container elementor-top-section e-con e-parent\" data-id=\"4750ce3\" data-element_type=\"container\" data-e-type=\"container\">\n\t\t\t\t\t<div class=\"e-con-inner\">\n\t\t<div class=\"elementor-element elementor-element-6108015 e-con-full e-flex lakit-col-width-auto-no e-container e-con e-child\" data-id=\"6108015\" data-element_type=\"container\" data-e-type=\"container\">\n\t\t\t\t<div class=\"elementor-element elementor-element-ccebdfe elementor-widget-divider--view-line elementor-widget elementor-widget-divider\" data-id=\"ccebdfe\" data-element_type=\"widget\" data-e-type=\"widget\" data-widget_type=\"divider.default\">\n\t\t\t\t<div class=\"elementor-widget-container\">\n\t\t\t\t\t\t\t<div class=\"elementor-divider\">\n\t\t\t<span class=\"elementor-divider-separator\">\n\t\t\t\t\t\t<\/span>\n\t\t<\/div>\n\t\t\t\t\t\t<\/div>\n\t\t\t\t<\/div>\n\t\t\t\t<div class=\"elementor-element elementor-element-468fe77 elementor-widget elementor-widget-heading\" data-id=\"468fe77\" data-element_type=\"widget\" data-e-type=\"widget\" data-widget_type=\"heading.default\">\n\t\t\t\t<div class=\"elementor-widget-container\">\n\t\t\t\t\t<h2 class=\"elementor-heading-title elementor-size-default\">NOT\u00cdCIAS<\/h2>\t\t\t\t<\/div>\n\t\t\t\t<\/div>\n\t\t\t\t<div class=\"elementor-element elementor-element-e75771e elementor-widget-divider--view-line elementor-widget elementor-widget-divider\" data-id=\"e75771e\" data-element_type=\"widget\" data-e-type=\"widget\" data-widget_type=\"divider.default\">\n\t\t\t\t<div class=\"elementor-widget-container\">\n\t\t\t\t\t\t\t<div class=\"elementor-divider\">\n\t\t\t<span class=\"elementor-divider-separator\">\n\t\t\t\t\t\t<\/span>\n\t\t<\/div>\n\t\t\t\t\t\t<\/div>\n\t\t\t\t<\/div>\n\t\t\t\t<\/div>\n\t\t<div class=\"elementor-element elementor-element-fa55d95 e-con-full e-flex lakit-col-width-auto-no e-container e-con e-child\" data-id=\"fa55d95\" data-element_type=\"container\" data-e-type=\"container\">\n\t\t\t\t<div class=\"elementor-element elementor-element-ac9b1cf elementor-grid-eael-col-3 elementor-grid-tablet-eael-col-2 elementor-grid-mobile-eael-col-1 elementor-widget elementor-widget-eael-post-grid\" data-id=\"ac9b1cf\" data-element_type=\"widget\" data-e-type=\"widget\" data-settings=\"{&quot;eael_post_grid_columns&quot;:&quot;eael-col-3&quot;,&quot;eael_post_grid_columns_tablet&quot;:&quot;eael-col-2&quot;,&quot;eael_post_grid_columns_mobile&quot;:&quot;eael-col-1&quot;}\" data-widget_type=\"eael-post-grid.default\">\n\t\t\t\t<div class=\"elementor-widget-container\">\n\t\t\t\t\t<div id=\"eael-post-grid-ac9b1cf\" class=\"eael-post-grid-container\">\n            <div class=\"eael-post-grid eael-post-appender eael-post-appender-ac9b1cf eael-post-grid-style-one\" data-layout-mode=\"masonry\"><article class=\"eael-grid-post  eael-post-grid-column eael-pg-post-758 category-uncategorized\" data-id=\"758\">\n        <div class=\"eael-grid-post-holder\">\n            <div class=\"eael-grid-post-holder-inner\"><div class=\"eael-entry-media\"><div class=\"eael-entry-overlay fade-in\"><i class=\"fas fa-long-arrow-alt-right\" aria-hidden=\"true\"><\/i><a href=\"https:\/\/russoconsultoria.com.br\/site\/08-04-2026-lancamento-do-livro-guia-de-melhores-praticas-de-seguranca-portuaria-e-aduaneira\/\"><\/a><\/div><div class=\"eael-entry-thumbnail \">\n                <img fetchpriority=\"high\" decoding=\"async\" width=\"300\" height=\"169\" src=\"https:\/\/russoconsultoria.com.br\/site\/wp-content\/uploads\/2026\/04\/WhatsApp-Image-2026-04-07-at-18.54.28-300x169.jpeg\" class=\"attachment-medium size-medium wp-image-759\" alt=\"\" srcset=\"https:\/\/russoconsultoria.com.br\/site\/wp-content\/uploads\/2026\/04\/WhatsApp-Image-2026-04-07-at-18.54.28-300x169.jpeg 300w, https:\/\/russoconsultoria.com.br\/site\/wp-content\/uploads\/2026\/04\/WhatsApp-Image-2026-04-07-at-18.54.28-1024x576.jpeg 1024w, https:\/\/russoconsultoria.com.br\/site\/wp-content\/uploads\/2026\/04\/WhatsApp-Image-2026-04-07-at-18.54.28-768x432.jpeg 768w, https:\/\/russoconsultoria.com.br\/site\/wp-content\/uploads\/2026\/04\/WhatsApp-Image-2026-04-07-at-18.54.28-1536x864.jpeg 1536w, https:\/\/russoconsultoria.com.br\/site\/wp-content\/uploads\/2026\/04\/WhatsApp-Image-2026-04-07-at-18.54.28-2048x1152.jpeg 2048w, https:\/\/russoconsultoria.com.br\/site\/wp-content\/uploads\/2026\/04\/WhatsApp-Image-2026-04-07-at-18.54.28-600x338.jpeg 600w\" sizes=\"(max-width: 300px) 100vw, 300px\" \/>\n            <\/div>\n        <\/div><div class=\"eael-entry-wrapper\"><header class=\"eael-entry-header\"><h2 class=\"eael-entry-title\"><a class=\"eael-grid-post-link\" href=\"https:\/\/russoconsultoria.com.br\/site\/08-04-2026-lancamento-do-livro-guia-de-melhores-praticas-de-seguranca-portuaria-e-aduaneira\/\" title=\"[08\/04\/2026] Lan\u00e7amento do livro \u201cGuia de Melhores Pr\u00e1ticas de Seguran\u00e7a Portu\u00e1ria e Aduaneira\u201d\">[08\/04\/2026] Lan\u00e7amento do livro \u201cGuia de Melhores Pr\u00e1ticas de Seguran\u00e7a Portu\u00e1ria e Aduaneira\u201d<\/a><\/h2><\/header><div class=\"eael-entry-content\">\n                        <div class=\"eael-grid-post-excerpt\"><p>A Russo Consultoria celebra a participa\u00e7\u00e3o de seu fundador, Antonio...<\/p><a href=\"https:\/\/russoconsultoria.com.br\/site\/08-04-2026-lancamento-do-livro-guia-de-melhores-praticas-de-seguranca-portuaria-e-aduaneira\/\" class=\"eael-post-elements-readmore-btn\">Leia mais<\/a><\/div>\n                    <\/div><div class=\"eael-entry-footer\"><div class=\"eael-entry-meta\"><\/div><\/div><\/div><\/div>\n        <\/div>\n    <\/article><article class=\"eael-grid-post  eael-post-grid-column eael-pg-post-753 category-uncategorized\" data-id=\"753\">\n        <div class=\"eael-grid-post-holder\">\n            <div class=\"eael-grid-post-holder-inner\"><div class=\"eael-entry-media\"><div class=\"eael-entry-overlay fade-in\"><i class=\"fas fa-long-arrow-alt-right\" aria-hidden=\"true\"><\/i><a href=\"https:\/\/russoconsultoria.com.br\/site\/29-07-2025-russo-consultoria-apoia-10a-edicao-do-festival-gastronomico-de-sao-vicente\/\"><\/a><\/div><div class=\"eael-entry-thumbnail \">\n                <img decoding=\"async\" width=\"300\" height=\"200\" src=\"https:\/\/russoconsultoria.com.br\/site\/wp-content\/uploads\/2025\/08\/SITE-FOTOS-RUSSO-300x200.png\" class=\"attachment-medium size-medium wp-image-756\" alt=\"\" srcset=\"https:\/\/russoconsultoria.com.br\/site\/wp-content\/uploads\/2025\/08\/SITE-FOTOS-RUSSO-300x200.png 300w, https:\/\/russoconsultoria.com.br\/site\/wp-content\/uploads\/2025\/08\/SITE-FOTOS-RUSSO-768x512.png 768w, https:\/\/russoconsultoria.com.br\/site\/wp-content\/uploads\/2025\/08\/SITE-FOTOS-RUSSO-600x400.png 600w, https:\/\/russoconsultoria.com.br\/site\/wp-content\/uploads\/2025\/08\/SITE-FOTOS-RUSSO.png 780w\" sizes=\"(max-width: 300px) 100vw, 300px\" \/>\n            <\/div>\n        <\/div><div class=\"eael-entry-wrapper\"><header class=\"eael-entry-header\"><h2 class=\"eael-entry-title\"><a class=\"eael-grid-post-link\" href=\"https:\/\/russoconsultoria.com.br\/site\/29-07-2025-russo-consultoria-apoia-10a-edicao-do-festival-gastronomico-de-sao-vicente\/\" title=\"[29\/07\/2025] Russo Consultoria apoia 10\u00aa edi\u00e7\u00e3o do Festival Gastron\u00f4mico de S\u00e3o Vicente\">[29\/07\/2025] Russo Consultoria apoia 10\u00aa edi\u00e7\u00e3o do Festival Gastron\u00f4mico de S\u00e3o Vicente<\/a><\/h2><\/header><div class=\"eael-entry-content\">\n                        <div class=\"eael-grid-post-excerpt\"><p>No dia 29 de julho de 2025, a Russo Consultores...<\/p><a href=\"https:\/\/russoconsultoria.com.br\/site\/29-07-2025-russo-consultoria-apoia-10a-edicao-do-festival-gastronomico-de-sao-vicente\/\" class=\"eael-post-elements-readmore-btn\">Leia mais<\/a><\/div>\n                    <\/div><div class=\"eael-entry-footer\"><div class=\"eael-entry-meta\"><\/div><\/div><\/div><\/div>\n        <\/div>\n    <\/article><article class=\"eael-grid-post  eael-post-grid-column eael-pg-post-747 category-uncategorized\" data-id=\"747\">\n        <div class=\"eael-grid-post-holder\">\n            <div class=\"eael-grid-post-holder-inner\"><div class=\"eael-entry-media\"><div class=\"eael-entry-overlay fade-in\"><i class=\"fas fa-long-arrow-alt-right\" aria-hidden=\"true\"><\/i><a href=\"https:\/\/russoconsultoria.com.br\/site\/26-07-2025-russo-consultoria-participa-de-entrevista-na-tv-santa-cecilia\/\"><\/a><\/div><div class=\"eael-entry-thumbnail \">\n                <img decoding=\"async\" width=\"300\" height=\"200\" src=\"https:\/\/russoconsultoria.com.br\/site\/wp-content\/uploads\/2025\/07\/SITE-FOTOS-RUSSO-300x200.png\" class=\"attachment-medium size-medium wp-image-749\" alt=\"\" srcset=\"https:\/\/russoconsultoria.com.br\/site\/wp-content\/uploads\/2025\/07\/SITE-FOTOS-RUSSO-300x200.png 300w, https:\/\/russoconsultoria.com.br\/site\/wp-content\/uploads\/2025\/07\/SITE-FOTOS-RUSSO-768x512.png 768w, https:\/\/russoconsultoria.com.br\/site\/wp-content\/uploads\/2025\/07\/SITE-FOTOS-RUSSO-600x400.png 600w, https:\/\/russoconsultoria.com.br\/site\/wp-content\/uploads\/2025\/07\/SITE-FOTOS-RUSSO.png 780w\" sizes=\"(max-width: 300px) 100vw, 300px\" \/>\n            <\/div>\n        <\/div><div class=\"eael-entry-wrapper\"><header class=\"eael-entry-header\"><h2 class=\"eael-entry-title\"><a class=\"eael-grid-post-link\" href=\"https:\/\/russoconsultoria.com.br\/site\/26-07-2025-russo-consultoria-participa-de-entrevista-na-tv-santa-cecilia\/\" title=\"[26\/07\/2025] Russo Consultoria participa de entrevista na TV Santa Cec\u00edlia\">[26\/07\/2025] Russo Consultoria participa de entrevista na TV Santa Cec\u00edlia<\/a><\/h2><\/header><div class=\"eael-entry-content\">\n                        <div class=\"eael-grid-post-excerpt\"><p>Na tarde da \u00faltima quinta-feira (24), o fundador da Russo...<\/p><a href=\"https:\/\/russoconsultoria.com.br\/site\/26-07-2025-russo-consultoria-participa-de-entrevista-na-tv-santa-cecilia\/\" class=\"eael-post-elements-readmore-btn\">Leia mais<\/a><\/div>\n                    <\/div><div class=\"eael-entry-footer\"><div class=\"eael-entry-meta\"><\/div><\/div><\/div><\/div>\n        <\/div>\n    <\/article><\/div>\n            <div class=\"clearfix\"><\/div>\n        <\/div>            <div class=\"eael-load-more-button-wrap eael-force-hide\">\n                <button class=\"eael-load-more-button\" id=\"eael-load-more-btn-ac9b1cf\" data-widget-id=\"ac9b1cf\" data-widget=\"ac9b1cf\" data-page-id=\"9\" data-template=\"{&quot;dir&quot;:&quot;lite&quot;,&quot;file_name&quot;:&quot;one.php&quot;,&quot;name&quot;:&quot;Post-Grid&quot;}\" data-class=\"Essential_Addons_Elementor\\Elements\\Post_Grid\" data-layout=\"masonry\" data-page=\"1\" data-args=\"orderby=date&amp;order=desc&amp;ignore_sticky_posts=1&amp;post_status=publish&amp;posts_per_page=3&amp;offset=0&amp;post_type=post\" data-max-page=\"5\">\n                    <span class=\"eael-btn-loader button__loader\"><\/span>\n                    <span class=\"eael_load_more_text\">Carregar mais<\/span>\n                <\/button>\n            <\/div>\n            \t\t\t\t<\/div>\n\t\t\t\t<\/div>\n\t\t\t\t<div class=\"elementor-element elementor-element-915bbe2 elementor-align-center elementor-widget elementor-widget-button\" data-id=\"915bbe2\" data-element_type=\"widget\" data-e-type=\"widget\" data-widget_type=\"button.default\">\n\t\t\t\t<div class=\"elementor-widget-container\">\n\t\t\t\t\t\t\t\t\t<div class=\"elementor-button-wrapper\">\n\t\t\t\t\t<a class=\"elementor-button elementor-button-link elementor-size-sm\" href=\"https:\/\/russoconsultoria.com.br\/site\/?page_id=24\">\n\t\t\t\t\t\t<span class=\"elementor-button-content-wrapper\">\n\t\t\t\t\t\t\t\t\t<span class=\"elementor-button-text\">Ver todas as not\u00edcias<\/span>\n\t\t\t\t\t<\/span>\n\t\t\t\t\t<\/a>\n\t\t\t\t<\/div>\n\t\t\t\t\t\t\t\t<\/div>\n\t\t\t\t<\/div>\n\t\t\t\t<\/div>\n\t\t\t\t\t<\/div>\n\t\t\t\t<\/div>\n\t\t<div class=\"elementor-element elementor-element-5b688c1 e-flex e-con-boxed lakit-col-width-auto-no e-container e-root-container elementor-top-section e-con e-parent\" data-id=\"5b688c1\" data-element_type=\"container\" data-e-type=\"container\">\n\t\t\t\t\t<div class=\"e-con-inner\">\n\t\t\t\t\t<\/div>\n\t\t\t\t<\/div>\n\t\t\t\t<\/div>\n\t\t","protected":false},"excerpt":{"rendered":"<p>Seguran\u00e7a Aduaneira, Resultados GarantidosExpertise e compromisso para levar seu neg\u00f3cio al\u00e9m das fronteiras.Saiba MaisSua Estrat\u00e9gia no Com\u00e9rcio ExteriorConsultoria em Compliance e Gest\u00e3o de Riscos AduaneirosSaiba Mais Habilita\u00e7\u00e3o REDEX: Otimize seu Armaz\u00e9m para Exporta\u00e7\u00e3o Maximize suas exporta\u00e7\u00f5es transformando seu armaz\u00e9m em um Recinto Especial para Despacho Aduaneiro (REDEX). Nossa consultoria cuida de todo o processo de [&hellip;]<\/p>\n","protected":false},"author":1,"featured_media":0,"parent":0,"menu_order":0,"comment_status":"closed","ping_status":"closed","template":"elementor_canvas","meta":{"nf_dc_page":"","footnotes":""},"class_list":["post-9","page","type-page","status-publish","hentry"],"_links":{"self":[{"href":"https:\/\/russoconsultoria.com.br\/site\/wp-json\/wp\/v2\/pages\/9","targetHints":{"allow":["GET"]}}],"collection":[{"href":"https:\/\/russoconsultoria.com.br\/site\/wp-json\/wp\/v2\/pages"}],"about":[{"href":"https:\/\/russoconsultoria.com.br\/site\/wp-json\/wp\/v2\/types\/page"}],"author":[{"embeddable":true,"href":"https:\/\/russoconsultoria.com.br\/site\/wp-json\/wp\/v2\/users\/1"}],"replies":[{"embeddable":true,"href":"https:\/\/russoconsultoria.com.br\/site\/wp-json\/wp\/v2\/comments?post=9"}],"version-history":[{"count":5,"href":"https:\/\/russoconsultoria.com.br\/site\/wp-json\/wp\/v2\/pages\/9\/revisions"}],"predecessor-version":[{"id":708,"href":"https:\/\/russoconsultoria.com.br\/site\/wp-json\/wp\/v2\/pages\/9\/revisions\/708"}],"wp:attachment":[{"href":"https:\/\/russoconsultoria.com.br\/site\/wp-json\/wp\/v2\/media?parent=9"}],"curies":[{"name":"wp","href":"https:\/\/api.w.org\/{rel}","templated":true}]}}